{"id":37,"date":"2024-02-11T22:59:14","date_gmt":"2024-02-11T22:59:14","guid":{"rendered":"http:\/\/lina.ufpi.br\/kalacal\/?page_id=37"},"modified":"2024-02-17T00:41:45","modified_gmt":"2024-02-17T00:41:45","slug":"cronograma","status":"publish","type":"page","link":"http:\/\/lina.ufpi.br\/kalacal\/index.php\/cronograma\/","title":{"rendered":"Cronograma"},"content":{"rendered":"\n<div class=\"wp-block-group alignwide has-global-padding is-layout-constrained wp-block-group-is-layout-constrained\">\n<!DOCTYPE html>\n<html>\n  <head>\n    <meta http-equiv=\"content-type\" content=\"text\/html; charset=UTF-8\">\n    <title>tabela<\/title>\n  <\/head>\n  <body>\n    <table style=\"width: 1613px; height: 611px;\" border=\"1\">\n      <tbody>\n        <tr>\n          <td rowspan=\"2\" colspan=\"1\" style=\"text-align: center; font-size: 10px\">Meta<\/td>\n          <td rowspan=\"2\" colspan=\"1\" style=\"text-align: center; font-size: 10px\">Atividades<\/td>\n          <td rowspan=\"1\" colspan=\"8\" style=\"text-align: center; font-size: 10px\">Trimestres<\/td>\n        <\/tr>\n        <tr>\n          <td style=\"text-align: center; font-size: 10px\">1o<\/td>\n          <td style=\"text-align: center; font-size: 10px\">2o.<\/td>\n          <td style=\"text-align: center; font-size: 10px\">3o.<\/td>\n          <td style=\"text-align: center; font-size: 10px\">4o.<\/td>\n          <td style=\"text-align: center; font-size: 10px\">5o.<\/td>\n          <td style=\"text-align: center; font-size: 10px\">6o.<\/td>\n          <td style=\"text-align: center; font-size: 10px\">7o.<\/td>\n          <td style=\"text-align: center; font-size: 10px\">8o.<\/td>\n        <\/tr>\n        <tr>\n          <td style=\"text-align: left; font-size: 10px\">Entendimento das\n            tecnologias envolvidas e dom\u00ednio das ferramentas de desenvolvimento<\/td>\n          <td style=\"text-align: left; font-size: 10px\">\n            <ul>\n              <li>Prepara\u00e7\u00e3o da Equipe<\/li>\n              <li>Workshop de nivelamento de equipe<\/li>\n              <li>Estudo do estado da Arte<\/li>\n            <\/ul>\n          <\/td>\n          <td style=\"text-align: left; background-color: #f4ff28;\"><span style=\"color: #999999;\"><br>\n            <\/span> <\/td>\n          <td style=\"text-align: left; background-color: #999999;\"><span style=\"color: #999999;\"><br>\n            <\/span> <\/td>\n          <td style=\"text-align: left;\"><br>\n          <\/td>\n          <td style=\"text-align: left;\"><br>\n          <\/td>\n          <td style=\"text-align: left;\"><br>\n          <\/td>\n          <td style=\"text-align: left;\"><br>\n          <\/td>\n          <td style=\"text-align: left;\"><br>\n          <\/td>\n          <td style=\"text-align: left;\"><br>\n          <\/td>\n        <\/tr>\n        <tr>\n          <td style=\"width: 489.683px;  font-size: 10px\">Prepara\u00e7\u00e3o dos\n            Aplicativos e ferramentas de desenvolvimento<\/td>\n          <td style=\"width: 299.267px;  font-size: 10px\">\n            <ul>\n              <li>An\u00e1lise Funcional<\/li>\n              <li> Estudo do Kala-Cal<\/li>\n              <li> An\u00e1lise das vari\u00e1veis envolvidas no diagn\u00f3stico de calazar<\/li>\n              <li> Prepara\u00e7\u00e3o dos dados<\/li>\n            <\/ul>\n          <\/td>\n          <td><br>\n          <\/td>\n          <td><br>\n          <\/td>\n          <td style=\"background-color: #999999;\"><br>\n          <\/td>\n          <td><br>\n          <\/td>\n          <td><br>\n          <\/td>\n          <td><br>\n          <\/td>\n          <td><br>\n          <\/td>\n          <td><br>\n          <\/td>\n        <\/tr>\n        <tr style=\"font-size: 10px\">\n          <td>Uso das t\u00e9cnicas de Aprendizagem de M\u00e1quina no\n            desenvolvimento da aplica\u00e7\u00e3o<\/td>\n          <td>\n            <ul>\n              <li>Implementa\u00e7\u00e3o<\/li>\n              <li> Sele\u00e7\u00e3o dos algoritmos de AM<\/li>\n              <li> Teste dos algoritmos de AM<\/li>\n            <\/ul>\n          <\/td>\n          <td><br>\n          <\/td>\n          <td><br>\n          <\/td>\n          <td><br>\n          <\/td>\n          <td style=\"background-color: #999999;\"><br>\n          <\/td>\n          <td><br>\n          <\/td>\n          <td><br>\n          <\/td>\n          <td><br>\n          <\/td>\n          <td><br>\n          <\/td>\n        <\/tr>\n        <tr style=\"font-size: 10px\">\n          <td>Concep\u00e7\u00e3o de um aplicativo<\/td>\n          <td>\n            <ul>\n              <li>Valida\u00e7\u00e3o<\/li>\n              <li> Desenvolvimento da Interface<\/li>\n            <\/ul>\n          <\/td>\n          <td><br>\n          <\/td>\n          <td><br>\n          <\/td>\n          <td><br>\n          <\/td>\n          <td><br>\n          <\/td>\n          <td style=\"background-color: #999999;\"><br>\n          <\/td>\n          <td style=\"background-color: #999999;\"><br>\n          <\/td>\n          <td><br>\n          <\/td>\n          <td><br>\n          <\/td>\n        <\/tr>\n        <tr style=\"font-size: 10px\">>\n          <td style=\"height: 70px;\">Corrigir Erros<\/td>\n          <td>\n            <ul>\n              <li>Manuten\u00e7\u00e3o e Corre\u00e7\u00e3o<\/li>\n            <\/ul>\n          <\/td>\n          <td><br>\n          <\/td>\n          <td><br>\n          <\/td>\n          <td><br>\n          <\/td>\n          <td><br>\n          <\/td>\n          <td><br>\n          <\/td>\n          <td style=\"background-color: #999999;\"><br>\n          <\/td>\n          <td style=\"background-color: #999999;\"><br>\n          <\/td>\n          <td><br>\n          <\/td>\n        <\/tr>\n        <tr style=\"font-size: 10px\">\n          <td>Entrega de uma vers\u00e3o gen\u00e9rica da Solu\u00e7\u00e3o<\/td>\n          <td><br>\n            <ul>\n              <li>Testes e valida\u00e7\u00e3o com os profissionais de sa\u00fade<\/li>\n            <\/ul>\n          <\/td>\n          <td><br>\n          <\/td>\n          <td><br>\n          <\/td>\n          <td><br>\n          <\/td>\n          <td><br>\n          <\/td>\n          <td><br>\n          <\/td>\n          <td><br>\n          <\/td>\n          <td style=\"background-color: #999999;\"><br>\n          <\/td>\n          <td style=\"background-color: #999999;\"><br>\n          <\/td>\n        <\/tr>\n      <\/tbody>\n    <\/table>\n    <p><br>\n    <\/p>\n  <\/body>\n<\/html>\n\n<\/div>\n","protected":false},"excerpt":{"rendered":"<p>tabela Meta Atividades Trimestres 1o 2o. 3o. 4o. 5o. 6o. 7o. 8o. Entendimento das tecnologias envolvidas e dom\u00ednio das ferramentas de desenvolvimento Prepara\u00e7\u00e3o da Equipe Workshop de nivelamento de equipe Estudo do estado da Arte Prepara\u00e7\u00e3o dos Aplicativos e ferramentas de desenvolvimento An\u00e1lise Funcional Estudo do Kala-Cal An\u00e1lise das vari\u00e1veis envolvidas no diagn\u00f3stico de calazar [&hellip;]<\/p>\n","protected":false},"author":1,"featured_media":0,"parent":0,"menu_order":0,"comment_status":"closed","ping_status":"closed","template":"","meta":{"footnotes":""},"_links":{"self":[{"href":"http:\/\/lina.ufpi.br\/kalacal\/index.php\/wp-json\/wp\/v2\/pages\/37"}],"collection":[{"href":"http:\/\/lina.ufpi.br\/kalacal\/index.php\/wp-json\/wp\/v2\/pages"}],"about":[{"href":"http:\/\/lina.ufpi.br\/kalacal\/index.php\/wp-json\/wp\/v2\/types\/page"}],"author":[{"embeddable":true,"href":"http:\/\/lina.ufpi.br\/kalacal\/index.php\/wp-json\/wp\/v2\/users\/1"}],"replies":[{"embeddable":true,"href":"http:\/\/lina.ufpi.br\/kalacal\/index.php\/wp-json\/wp\/v2\/comments?post=37"}],"version-history":[{"count":33,"href":"http:\/\/lina.ufpi.br\/kalacal\/index.php\/wp-json\/wp\/v2\/pages\/37\/revisions"}],"predecessor-version":[{"id":82,"href":"http:\/\/lina.ufpi.br\/kalacal\/index.php\/wp-json\/wp\/v2\/pages\/37\/revisions\/82"}],"wp:attachment":[{"href":"http:\/\/lina.ufpi.br\/kalacal\/index.php\/wp-json\/wp\/v2\/media?parent=37"}],"curies":[{"name":"wp","href":"https:\/\/api.w.org\/{rel}","templated":true}]}}