{"id":72,"date":"2024-02-16T13:05:46","date_gmt":"2024-02-16T13:05:46","guid":{"rendered":"http:\/\/lina.ufpi.br\/kalacal\/?page_id=72"},"modified":"2025-03-09T20:56:29","modified_gmt":"2025-03-09T20:56:29","slug":"atas-de-reunioes","status":"publish","type":"page","link":"http:\/\/lina.ufpi.br\/kalacal\/index.php\/atas-de-reunioes\/","title":{"rendered":"Atas de Reuni\u00f5es"},"content":{"rendered":"<p><a href=\"http:\/\/lina.ufpi.br\/kalacal\/wp-content\/uploads\/2024\/02\/01-Ata-KalaCal-26-01-24.pdf\" target=\"_blank\" rel=\"noopener\">1a. Reuni\u00e3o &#8211; Geral (26-01-2024)<\/a><\/p>\n<p><a href=\"http:\/\/lina.ufpi.br\/kalacal\/wp-content\/uploads\/2024\/02\/02-Ata-KalaCal-08-02-24.pdf\" target=\"_blank\" rel=\"noopener\">2a. Reuni\u00e3o &#8211; Espec\u00edfica TI (08-02-2024)<\/a><\/p>\n<p><a href=\"http:\/\/lina.ufpi.br\/kalacal\/wp-content\/uploads\/2024\/02\/03-Ata-KalaCal-10-02-24.pdf\">3a. Reuni\u00e3o &#8211; Geral (16-02-2024)<\/a><\/p>\n<p><a href=\"http:\/\/lina.ufpi.br\/kalacal\/wp-content\/uploads\/2024\/03\/04-Ata-KalaCal-02-03-24-.pdf\" target=\"_blank\" rel=\"noopener\">4a. Reuni\u00e3o &#8211; Geral (01\/03\/2024)<\/a><\/p>\n<p><a href=\"http:\/\/lina.ufpi.br\/kalacal\/wp-content\/uploads\/2024\/04\/05-Ata-KalaCal-27-03-24.pdf\" target=\"_blank\" rel=\"noopener\">5a. Reuni\u00e3o &#8211; Espec\u00edfica de IA (27\/03\/2024)<\/a><\/p>\n<p><a href=\"http:\/\/lina.ufpi.br\/kalacal\/wp-content\/uploads\/2024\/04\/06-Ata-KalaCal-19-04-24.pdf\" target=\"_blank\" rel=\"noopener\">6a. Reuni\u00e3o &#8211; Geral (19\/04\/2024)<\/a><br \/>\u00a0\u00a0\u00a0 <a href=\"https:\/\/drive.google.com\/file\/d\/10SYvbwAWgaHP5yfTRgV6_ZArC1cx8blT\/view\" target=\"_blank\" rel=\"noopener\">V\u00eddeo da Reuni\u00e3o<\/a><\/p>\n<p><a href=\"http:\/\/lina.ufpi.br\/kalacal\/wp-content\/uploads\/2024\/05\/07-Ata-KalaCal-17-05-24-2.pdf\">7a. Reuni\u00e3o &#8211; Geral (17\/05\/2024)<\/a><br \/>\u00a0\u00a0\u00a0 <a href=\"https:\/\/drive.google.com\/file\/d\/1c346yBC5k_45MuesMx5sRDubp0eZhBEx\/view?usp=sharing\">V\u00eddeo da Reuni\u00e3o<\/a><\/p>\n<p><a href=\"\">8a. Reuni\u00e3o &#8211; Geral (07\/06\/2024)<\/a><br \/>\u00a0\u00a0\u00a0 <a href=\"https:\/\/drive.google.com\/file\/d\/1lePdph6N32loNw8mWirtiQrQNv3J27Re\/view?usp=drive_link\">V\u00eddeo da Reuni\u00e3o<\/a><\/p>\n<p><a href=\"\">9a. Reuni\u00e3o &#8211; Geral (09\/08\/2024)<\/a><br \/>\u00a0\u00a0\u00a0 <a href=\"https:\/\/drive.google.com\/file\/d\/1KmmwCRkIHPS_o9MAfXSrlqC3AzsDjbBh\/view?usp=drive_link\">V\u00eddeo da Reuni\u00e3o<\/a><\/p>\n<p><a href=\"http:\/\/lina.ufpi.br\/kalacal\/wp-content\/uploads\/2025\/03\/10-Ata-KalaCal-07-03-25.pdf\">10a. Reuni\u00e3o &#8211; Geral (07\/03\/2025)<\/a><br \/><\/p>\n\n\n<p><\/p>\n\n\n\n<p><\/p>\n","protected":false},"excerpt":{"rendered":"<p>1a. Reuni\u00e3o &#8211; Geral (26-01-2024) 2a. Reuni\u00e3o &#8211; Espec\u00edfica TI (08-02-2024) 3a. Reuni\u00e3o &#8211; Geral (16-02-2024) 4a. Reuni\u00e3o &#8211; Geral (01\/03\/2024) 5a. Reuni\u00e3o &#8211; Espec\u00edfica de IA (27\/03\/2024) 6a. Reuni\u00e3o &#8211; Geral (19\/04\/2024)\u00a0\u00a0\u00a0 V\u00eddeo da Reuni\u00e3o 7a. Reuni\u00e3o &#8211; Geral (17\/05\/2024)\u00a0\u00a0\u00a0 V\u00eddeo da Reuni\u00e3o 8a. Reuni\u00e3o &#8211; Geral (07\/06\/2024)\u00a0\u00a0\u00a0 V\u00eddeo da Reuni\u00e3o 9a. Reuni\u00e3o &#8211; [&hellip;]<\/p>\n","protected":false},"author":1,"featured_media":0,"parent":0,"menu_order":0,"comment_status":"closed","ping_status":"closed","template":"","meta":{"footnotes":""},"_links":{"self":[{"href":"http:\/\/lina.ufpi.br\/kalacal\/index.php\/wp-json\/wp\/v2\/pages\/72"}],"collection":[{"href":"http:\/\/lina.ufpi.br\/kalacal\/index.php\/wp-json\/wp\/v2\/pages"}],"about":[{"href":"http:\/\/lina.ufpi.br\/kalacal\/index.php\/wp-json\/wp\/v2\/types\/page"}],"author":[{"embeddable":true,"href":"http:\/\/lina.ufpi.br\/kalacal\/index.php\/wp-json\/wp\/v2\/users\/1"}],"replies":[{"embeddable":true,"href":"http:\/\/lina.ufpi.br\/kalacal\/index.php\/wp-json\/wp\/v2\/comments?post=72"}],"version-history":[{"count":17,"href":"http:\/\/lina.ufpi.br\/kalacal\/index.php\/wp-json\/wp\/v2\/pages\/72\/revisions"}],"predecessor-version":[{"id":151,"href":"http:\/\/lina.ufpi.br\/kalacal\/index.php\/wp-json\/wp\/v2\/pages\/72\/revisions\/151"}],"wp:attachment":[{"href":"http:\/\/lina.ufpi.br\/kalacal\/index.php\/wp-json\/wp\/v2\/media?parent=72"}],"curies":[{"name":"wp","href":"https:\/\/api.w.org\/{rel}","templated":true}]}}