{"id":115,"date":"2019-02-14T17:33:37","date_gmt":"2019-02-14T17:33:37","guid":{"rendered":"http:\/\/lina.ufpi.br\/vinicius\/?page_id=115"},"modified":"2024-12-23T15:12:28","modified_gmt":"2024-12-23T15:12:28","slug":"disciplinas","status":"publish","type":"page","link":"http:\/\/lina.ufpi.br\/vinicius\/?page_id=115","title":{"rendered":"Disciplinas"},"content":{"rendered":"\n<p><a href=\"http:\/\/lina.ufpi.br\/vinicius\/?cat=12\">Intelig\u00eancia Artificial<\/a><\/p>\n\n\n\n<p><a href=\"http:\/\/lina.ufpi.br\/vinicius\/?page_id=126\">Sistemas Inteligentes<\/a><\/p>\n\n\n\n<p><a href=\"http:\/\/lina.ufpi.br\/vinicius\/?page_id=127\">Aprendizagem de M\u00e1quina<\/a><\/p>\n\n\n\n<p><a href=\"http:\/\/lina.ufpi.br\/vinicius\/?page_id=135\">Gest\u00e3o do Conhecimento<\/a><\/p>\n","protected":false},"excerpt":{"rendered":"<p>Intelig\u00eancia Artificial Sistemas Inteligentes Aprendizagem de M\u00e1quina Gest\u00e3o do Conhecimento<\/p>\n","protected":false},"author":1,"featured_media":0,"parent":0,"menu_order":0,"comment_status":"closed","ping_status":"closed","template":"","meta":[],"_links":{"self":[{"href":"http:\/\/lina.ufpi.br\/vinicius\/index.php?rest_route=\/wp\/v2\/pages\/115"}],"collection":[{"href":"http:\/\/lina.ufpi.br\/vinicius\/index.php?rest_route=\/wp\/v2\/pages"}],"about":[{"href":"http:\/\/lina.ufpi.br\/vinicius\/index.php?rest_route=\/wp\/v2\/types\/page"}],"author":[{"embeddable":true,"href":"http:\/\/lina.ufpi.br\/vinicius\/index.php?rest_route=\/wp\/v2\/users\/1"}],"replies":[{"embeddable":true,"href":"http:\/\/lina.ufpi.br\/vinicius\/index.php?rest_route=%2Fwp%2Fv2%2Fcomments&post=115"}],"version-history":[{"count":4,"href":"http:\/\/lina.ufpi.br\/vinicius\/index.php?rest_route=\/wp\/v2\/pages\/115\/revisions"}],"predecessor-version":[{"id":339,"href":"http:\/\/lina.ufpi.br\/vinicius\/index.php?rest_route=\/wp\/v2\/pages\/115\/revisions\/339"}],"wp:attachment":[{"href":"http:\/\/lina.ufpi.br\/vinicius\/index.php?rest_route=%2Fwp%2Fv2%2Fmedia&parent=115"}],"curies":[{"name":"wp","href":"https:\/\/api.w.org\/{rel}","templated":true}]}}